{"id":508,"date":"2025-07-07T15:14:18","date_gmt":"2025-07-07T13:14:18","guid":{"rendered":"https:\/\/www.viaferrata-alpes.com\/legal-notice-and-credits\/"},"modified":"2025-07-10T12:37:55","modified_gmt":"2025-07-10T10:37:55","slug":"legal-notice-and-credits","status":"publish","type":"page","link":"https:\/\/www.viaferrata-alpes.com\/en\/legal-notice-and-credits\/","title":{"rendered":"Legal notice and credits"},"content":{"rendered":"\n<div class=\"wp-block-ws-library-ws-header-interne alignfull\"><div class=\"alignwide\"><div class=\"yoast-breadcrumbs\"><span><span><a href=\"https:\/\/www.viaferrata-alpes.com\/en\/\">Home<\/a><\/span> &gt; <span class=\"breadcrumb_last\" aria-current=\"page\">Legal notice and credits<\/span><\/span><\/div><div class=\"columns\"><div class=\"group-media has-image\"><img loading=\"lazy\" decoding=\"async\" width=\"1920\" height=\"450\" src=\"https:\/\/www.viaferrata-alpes.com\/wp-content\/uploads\/2025\/05\/2019-ffachraoul-getraud14-1-1920x450.jpg\" alt=\"\" class=\"image_large_square wp-image-417 \"\/><\/div><div class=\"group-content\"><div class=\"title\"><h1>Legal notice and credits<\/h1><\/div><div class=\"introduction\"><p><\/p><\/div><\/div><\/div><\/div><\/div>\n\n<div class=\"wp-block-group alignwide has-global-padding is-layout-constrained wp-block-group-is-layout-constrained\">\n<div class=\"wp-block-columns is-layout-flex wp-container-core-columns-is-layout-6c531013 wp-block-columns-is-layout-flex\">\n<div class=\"wp-block-column is-layout-flow wp-block-column-is-layout-flow\">\n<p>The <a href=\"http:\/\/viaferra-alpes.fr\">www.viaferrata-alpes.com<\/a> website is the property of <strong>La Via Ferrata &#8211; Le Caire Alpes de Haute-Provence<\/strong> <br\/> <br\/><a href=\"https:\/\/maps.google.com\/maps?hl=fr&amp;gl=fr&amp;um=1&amp;ie=UTF-8&amp;fb=1&amp;sa=X&amp;ftid=0x12cb72b2d30cc197:0x9da9ac01099fb65c\">1142 route de Turriers<\/a><br\/><span class=\"postal-code\">04250<\/span> <span class=\"locality\">Le Caire<\/span>, <span class=\"country-name sr-only\">France<\/span> <br\/><a href=\"tel:+33492684039\">04 92 68 40 39<\/a><br\/><a href=\"mailto:viaferratalecaire@sisteronais-buech.fr\"><strong>viaferratalecaire@sisteronais-buech.fr<\/strong><\/a> <br\/><a href=\"https:\/\/maps.google.com\/maps?hl=fr&amp;gl=fr&amp;um=1&amp;ie=UTF-8&amp;fb=1&amp;sa=X&amp;ftid=0x12cb72b2d30cc197:0x9da9ac01099fb65c\" target=\"_blank\" rel=\"noreferrer noopener nofollow\">See on the map<\/a><br\/><\/p>\n\n\n\n<h3 class=\"wp-block-heading\">Editorial Manager<\/h3>\n\n\n\n<p><strong>VIA FERRATA LE CAIRE<\/strong><\/p>\n\n\n\n<h3 class=\"wp-block-heading\">Publication manager<\/h3>\n\n\n\n<p><strong>VIA FERRATA LE CAIRE<\/strong><\/p>\n<\/div>\n<\/div>\n<\/div>\n\n<div class=\"wp-block-group alignfull has-global-padding is-layout-constrained wp-block-group-is-layout-constrained\">\n<div class=\"wp-block-columns is-layout-flex wp-container-core-columns-is-layout-6c531013 wp-block-columns-is-layout-flex\">\n<div class=\"wp-block-column is-layout-flow wp-block-column-is-layout-flow\" style=\"flex-basis:100%\">\n<div class=\"wp-block-group has-global-padding is-layout-constrained wp-block-group-is-layout-constrained\">\n<div class=\"wp-block-columns is-layout-flex wp-container-core-columns-is-layout-6c531013 wp-block-columns-is-layout-flex\">\n<div class=\"wp-block-column is-layout-flow wp-block-column-is-layout-flow\">\n<h3 class=\"wp-block-heading\">WebDesign<\/h3>\n\n\n\n<p>The UI \/ UX Design creation and CSS integration were carried out by the <a title=\"WebSenso Agency - UX design webdesign\" href=\"https:\/\/www.websenso.com\/expertises\/ux-design\" target=\"_blank\" rel=\"noopener\">WebSenso agency<\/a> on the basis of elements made available (logo, graphic charter, etc.).<\/p>\n<\/div>\n\n\n\n<div class=\"wp-block-column is-layout-flow wp-block-column-is-layout-flow\">\n<h3 class=\"wp-block-heading\">Development<\/h3>\n\n\n\n<p>This web project was carried out by the <a title=\"WebSenso Agency - WordPress Application Development\" href=\"https:\/\/www.websenso.com\" target=\"_blank\" rel=\"noopener\">WebSenso agency<\/a> on the WordPress CMS: configuration, plugin, theme, etc.<\/p>\n<\/div>\n<\/div>\n\n\n\n<div class=\"wp-block-group has-global-padding is-layout-constrained wp-block-group-is-layout-constrained\">\n<div class=\"wp-block-column is-layout-flow wp-block-column-is-layout-flow\">\n<div class=\"wp-block-columns is-layout-flex wp-container-core-columns-is-layout-6c531013 wp-block-columns-is-layout-flex\">\n<div class=\"wp-block-column is-layout-flow wp-block-column-is-layout-flow\">\n<h3 class=\"wp-block-heading\">Maintenance<\/h3>\n\n\n\n<p><a href=\"https:\/\/www.websenso.com\/expertises\/wordpress\" target=\"_blank\" rel=\"noopener\">The WordPress TMA<\/a> (Third-Party Application Maintenance) is operated by the <a href=\"https:\/\/www.websenso.com\" target=\"_blank\" rel=\"noopener\">WebSenso agency<\/a>.<\/p>\n<\/div>\n\n\n\n<div class=\"wp-block-column is-layout-flow wp-block-column-is-layout-flow\">\n<h3 class=\"wp-block-heading\">Accommodation<\/h3>\n\n\n\n<p>This service is physically hosted in France in a data center of the company OVHCloud.<\/p>\n<\/div>\n<\/div>\n<\/div>\n<\/div>\n\n\n\n<h3 class=\"wp-block-heading\">Intellectual property<\/h3>\n\n\n\n<p>Our entity is the owner of the intellectual property rights or holds the rights of use on all the elements accessible on the site, in particular texts, images, graphics, logo, etc. So before copying, adapting, quoting this content&#8230; Please obtain prior written permission. <\/p>\n\n\n\n<h3 class=\"wp-block-heading\">Hypertext links<\/h3>\n\n\n\n<p>As you browse, you will discover several hyperlinks to other websites. Our entity does not have the possibility to verify the content of these sites and will therefore not assume any responsibility for this fact. <\/p>\n<\/div>\n\n\n\n<p><\/p>\n\n\n\n<h3 class=\"wp-block-heading\">Credits<\/h3>\n\n\n\n<p>Raoul Getraud<\/p>\n\n\n\n<p><a href=\"https:\/\/www.flaticon.com\">https:\/\/www.flaticon.com<\/a><\/p>\n\n\n\n<p><a href=\"https:\/\/www.freepik.com\">https:\/\/www.freepik.com<\/a><\/p>\n\n\n\n<div class=\"wp-block-group has-global-padding is-layout-constrained wp-block-group-is-layout-constrained\">\n<h3 class=\"wp-block-heading\">Cookies<\/h3>\n\n\n\n<p>Browsing this site causes the installation of small files, called <a href=\"https:\/\/fr.wikipedia.org\/wiki\/Cookie_(informatique)\" target=\"_blank\" rel=\"nofollow noopener external\">cookies<\/a>, on the user&#8217;s browser. They are nice and don&#8217;t take up space. However, refusing to install a cookie may technically block access to certain services and reduce our ability to improve the browsing experience. Below is the list of cookies used.   <\/p>\n\n\n\n    \n    <div class=\"table-responsive\">\n        <table class=\"table cookie-tracker-table\">\n            <thead>\n                <tr>\n                    <th>Outil<\/th>\n                    <th>Fonctionnalit\u00e9<\/th>\n                    <th>Fichier(s)<\/th>\n                    <th>Dur\u00e9e de vie<\/th>\n                    <th>IP collect\u00e9e<\/th>\n                    <th><a href=\"https:\/\/www.eff.org\/issues\/do-not-track\" target=\"_blank\">DNT<\/a> respect\u00e9<\/th>\n                <\/tr>\n            <\/thead>\n            <tbody>\n                <tr>\n                    <td><strong>Ce site uniquement<\/strong> <br\/>CMS WordPress<\/td>\n                    <td>G\u00e8re les sessions utilisateur, la d\u00e9tection de JavaScript, et la persistance de la connexion.<\/td>\n                    <td>has_js<br\/>wordpress_logged_in_*<\/td>\n                    <td>Expire \u00e0 la fermeture du navigateur.<\/td>\n                    <td>-<\/td>\n                    <td>-<\/td>\n                <\/tr>\n\n                                    <tr>\n                        <td><strong>Matomo<\/strong> <br\/>H\u00e9berg\u00e9 en France<\/td>\n                        <td>Votre navigation est mesur\u00e9e par la solution Matomo. H\u00e9berg\u00e9e sur des serveurs en France (<a href=\"https:\/\/www.websenso.com\/analytics\" target=\"_blank\">https:\/\/www.websenso.com\/analytics<\/a>), ce logiciel est configur\u00e9 avec les param\u00e8tres stricts du respect de la vie priv\u00e9.<\/td>\n                        <td> Aucun<\/td>\n                        <td>-<\/td>\n                        <td>\n                            <div style=\"color: green;\">\ud83d\ude0e R\u00e9duite<\/div>\n                            <small>IP (2 octets masqu\u00e9s)\u00a0: 216.73.xxx.xxx<\/small>\n                        <\/td>\n                        <td>\n                            -                        <\/td>\n                    <\/tr>\n                \n                            <\/tbody>\n        <\/table>\n    <\/div>\n\n    \n\n\n\n<h3 class=\"wp-block-heading\">Management of personal data<\/h3>\n\n\n\n<p>By surfing this website, information may be collected: origin, access provider, IP address, etc. The site collects personal information for the purposes of certain services offered by this site, see above. The right of access, rectification and opposition to personal data concerning visitors is made by written request to the above address.  <\/p>\n\n\n\n<h3 class=\"wp-block-heading\">Applicable law and jurisdiction<\/h3>\n\n\n\n<p>Any dispute in connection with the use of this site is subject to French law and in the language of Moli\u00e8re. Cocorico! <\/p>\n\n\n\n<h3 class=\"wp-block-heading\">Still there?<\/h3>\n\n\n\n<p>Congratulations! Because this page is probably the least interesting on this site \ud83d\ude09 <\/p>\n<\/div>\n<\/div>\n<\/div>\n<\/div>\n","protected":false},"excerpt":{"rendered":"<p>The www.viaferrata-alpes.com website is the property of La Via Ferrata &#8211; Le Caire Alpes de Haute-Provence 1142 route de Turriers04250 Le Caire, France 04 92 68 40 39viaferratalecaire@sisteronais-buech.fr See on the map Editorial Manager VIA FERRATA LE CAIRE Publication manager VIA FERRATA LE CAIRE WebDesign The UI \/ UX Design creation and CSS integration were [&hellip;]<\/p>\n","protected":false},"author":1,"featured_media":0,"parent":0,"menu_order":0,"comment_status":"closed","ping_status":"closed","template":"","meta":{"_acf_changed":false,"footnotes":""},"class_list":["post-508","page","type-page","status-publish","hentry"],"acf":[],"yoast_head":"<!-- This site is optimized with the Yoast SEO plugin v27.0 - https:\/\/yoast.com\/product\/yoast-seo-wordpress\/ -->\n<title>Legal notice and credits - Viaferrata Alpes<\/title>\n<meta name=\"robots\" content=\"index, follow, max-snippet:-1, max-image-preview:large, max-video-preview:-1\" \/>\n<link rel=\"canonical\" href=\"https:\/\/www.viaferrata-alpes.com\/en\/legal-notice-and-credits\/\" \/>\n<meta property=\"og:locale\" content=\"en_US\" \/>\n<meta property=\"og:type\" content=\"article\" \/>\n<meta property=\"og:title\" content=\"Legal notice and credits - Viaferrata Alpes\" \/>\n<meta property=\"og:description\" content=\"The www.viaferrata-alpes.com website is the property of La Via Ferrata &#8211; Le Caire Alpes de Haute-Provence 1142 route de Turriers04250 Le Caire, France 04 92 68 40 39viaferratalecaire@sisteronais-buech.fr See on the map Editorial Manager VIA FERRATA LE CAIRE Publication manager VIA FERRATA LE CAIRE WebDesign The UI \/ UX Design creation and CSS integration were [&hellip;]\" \/>\n<meta property=\"og:url\" content=\"https:\/\/www.viaferrata-alpes.com\/en\/legal-notice-and-credits\/\" \/>\n<meta property=\"og:site_name\" content=\"Viaferrata Alpes\" \/>\n<meta property=\"article:modified_time\" content=\"2025-07-10T10:37:55+00:00\" \/>\n<meta property=\"og:image\" content=\"https:\/\/www.viaferrata-alpes.com\/wp-content\/uploads\/2025\/05\/2019-ffachraoul-getraud14-1-scaled.jpg\" \/>\n\t<meta property=\"og:image:width\" content=\"1703\" \/>\n\t<meta property=\"og:image:height\" content=\"2560\" \/>\n\t<meta property=\"og:image:type\" content=\"image\/jpeg\" \/>\n<meta name=\"twitter:card\" content=\"summary_large_image\" \/>\n<meta name=\"twitter:label1\" content=\"Est. reading time\" \/>\n\t<meta name=\"twitter:data1\" content=\"2 minutes\" \/>\n<script type=\"application\/ld+json\" class=\"yoast-schema-graph\">{\"@context\":\"https:\/\/schema.org\",\"@graph\":[{\"@type\":\"WebPage\",\"@id\":\"https:\/\/www.viaferrata-alpes.com\/en\/legal-notice-and-credits\/\",\"url\":\"https:\/\/www.viaferrata-alpes.com\/en\/legal-notice-and-credits\/\",\"name\":\"Legal notice and credits - Viaferrata Alpes\",\"isPartOf\":{\"@id\":\"https:\/\/www.viaferrata-alpes.com\/en\/#website\"},\"primaryImageOfPage\":{\"@id\":\"https:\/\/www.viaferrata-alpes.com\/en\/legal-notice-and-credits\/#primaryimage\"},\"image\":{\"@id\":\"https:\/\/www.viaferrata-alpes.com\/en\/legal-notice-and-credits\/#primaryimage\"},\"thumbnailUrl\":\"https:\/\/www.viaferrata-alpes.com\/wp-content\/uploads\/2025\/05\/2019-ffachraoul-getraud14-1-1920x450.jpg\",\"datePublished\":\"2025-07-07T13:14:18+00:00\",\"dateModified\":\"2025-07-10T10:37:55+00:00\",\"breadcrumb\":{\"@id\":\"https:\/\/www.viaferrata-alpes.com\/en\/legal-notice-and-credits\/#breadcrumb\"},\"inLanguage\":\"en-US\",\"potentialAction\":[{\"@type\":\"ReadAction\",\"target\":[\"https:\/\/www.viaferrata-alpes.com\/en\/legal-notice-and-credits\/\"]}]},{\"@type\":\"ImageObject\",\"inLanguage\":\"en-US\",\"@id\":\"https:\/\/www.viaferrata-alpes.com\/en\/legal-notice-and-credits\/#primaryimage\",\"url\":\"https:\/\/www.viaferrata-alpes.com\/wp-content\/uploads\/2025\/05\/2019-ffachraoul-getraud14-1-1920x450.jpg\",\"contentUrl\":\"https:\/\/www.viaferrata-alpes.com\/wp-content\/uploads\/2025\/05\/2019-ffachraoul-getraud14-1-1920x450.jpg\"},{\"@type\":\"BreadcrumbList\",\"@id\":\"https:\/\/www.viaferrata-alpes.com\/en\/legal-notice-and-credits\/#breadcrumb\",\"itemListElement\":[{\"@type\":\"ListItem\",\"position\":1,\"name\":\"Home\",\"item\":\"https:\/\/www.viaferrata-alpes.com\/en\/\"},{\"@type\":\"ListItem\",\"position\":2,\"name\":\"Legal notice and credits\"}]},{\"@type\":\"WebSite\",\"@id\":\"https:\/\/www.viaferrata-alpes.com\/en\/#website\",\"url\":\"https:\/\/www.viaferrata-alpes.com\/en\/\",\"name\":\"Viaferrata Alpes\",\"description\":\"\",\"publisher\":{\"@id\":\"https:\/\/www.viaferrata-alpes.com\/en\/#organization\"},\"potentialAction\":[{\"@type\":\"SearchAction\",\"target\":{\"@type\":\"EntryPoint\",\"urlTemplate\":\"https:\/\/www.viaferrata-alpes.com\/en\/?s={search_term_string}\"},\"query-input\":{\"@type\":\"PropertyValueSpecification\",\"valueRequired\":true,\"valueName\":\"search_term_string\"}}],\"inLanguage\":\"en-US\"},{\"@type\":\"Organization\",\"@id\":\"https:\/\/www.viaferrata-alpes.com\/en\/#organization\",\"name\":\"Viaferrata Alpes\",\"url\":\"https:\/\/www.viaferrata-alpes.com\/en\/\",\"logo\":{\"@type\":\"ImageObject\",\"inLanguage\":\"en-US\",\"@id\":\"https:\/\/www.viaferrata-alpes.com\/en\/#\/schema\/logo\/image\/\",\"url\":\"https:\/\/www.viaferrata-alpes.com\/wp-content\/uploads\/2025\/06\/viaferrata-vertical-1.svg\",\"contentUrl\":\"https:\/\/www.viaferrata-alpes.com\/wp-content\/uploads\/2025\/06\/viaferrata-vertical-1.svg\",\"caption\":\"Viaferrata Alpes\"},\"image\":{\"@id\":\"https:\/\/www.viaferrata-alpes.com\/en\/#\/schema\/logo\/image\/\"}}]}<\/script>\n<!-- \/ Yoast SEO plugin. -->","yoast_head_json":{"title":"Legal notice and credits - Viaferrata Alpes","robots":{"index":"index","follow":"follow","max-snippet":"max-snippet:-1","max-image-preview":"max-image-preview:large","max-video-preview":"max-video-preview:-1"},"canonical":"https:\/\/www.viaferrata-alpes.com\/en\/legal-notice-and-credits\/","og_locale":"en_US","og_type":"article","og_title":"Legal notice and credits - Viaferrata Alpes","og_description":"The www.viaferrata-alpes.com website is the property of La Via Ferrata &#8211; Le Caire Alpes de Haute-Provence 1142 route de Turriers04250 Le Caire, France 04 92 68 40 39viaferratalecaire@sisteronais-buech.fr See on the map Editorial Manager VIA FERRATA LE CAIRE Publication manager VIA FERRATA LE CAIRE WebDesign The UI \/ UX Design creation and CSS integration were [&hellip;]","og_url":"https:\/\/www.viaferrata-alpes.com\/en\/legal-notice-and-credits\/","og_site_name":"Viaferrata Alpes","article_modified_time":"2025-07-10T10:37:55+00:00","og_image":[{"width":1703,"height":2560,"url":"https:\/\/www.viaferrata-alpes.com\/wp-content\/uploads\/2025\/05\/2019-ffachraoul-getraud14-1-scaled.jpg","type":"image\/jpeg"}],"twitter_card":"summary_large_image","twitter_misc":{"Est. reading time":"2 minutes"},"schema":{"@context":"https:\/\/schema.org","@graph":[{"@type":"WebPage","@id":"https:\/\/www.viaferrata-alpes.com\/en\/legal-notice-and-credits\/","url":"https:\/\/www.viaferrata-alpes.com\/en\/legal-notice-and-credits\/","name":"Legal notice and credits - Viaferrata Alpes","isPartOf":{"@id":"https:\/\/www.viaferrata-alpes.com\/en\/#website"},"primaryImageOfPage":{"@id":"https:\/\/www.viaferrata-alpes.com\/en\/legal-notice-and-credits\/#primaryimage"},"image":{"@id":"https:\/\/www.viaferrata-alpes.com\/en\/legal-notice-and-credits\/#primaryimage"},"thumbnailUrl":"https:\/\/www.viaferrata-alpes.com\/wp-content\/uploads\/2025\/05\/2019-ffachraoul-getraud14-1-1920x450.jpg","datePublished":"2025-07-07T13:14:18+00:00","dateModified":"2025-07-10T10:37:55+00:00","breadcrumb":{"@id":"https:\/\/www.viaferrata-alpes.com\/en\/legal-notice-and-credits\/#breadcrumb"},"inLanguage":"en-US","potentialAction":[{"@type":"ReadAction","target":["https:\/\/www.viaferrata-alpes.com\/en\/legal-notice-and-credits\/"]}]},{"@type":"ImageObject","inLanguage":"en-US","@id":"https:\/\/www.viaferrata-alpes.com\/en\/legal-notice-and-credits\/#primaryimage","url":"https:\/\/www.viaferrata-alpes.com\/wp-content\/uploads\/2025\/05\/2019-ffachraoul-getraud14-1-1920x450.jpg","contentUrl":"https:\/\/www.viaferrata-alpes.com\/wp-content\/uploads\/2025\/05\/2019-ffachraoul-getraud14-1-1920x450.jpg"},{"@type":"BreadcrumbList","@id":"https:\/\/www.viaferrata-alpes.com\/en\/legal-notice-and-credits\/#breadcrumb","itemListElement":[{"@type":"ListItem","position":1,"name":"Home","item":"https:\/\/www.viaferrata-alpes.com\/en\/"},{"@type":"ListItem","position":2,"name":"Legal notice and credits"}]},{"@type":"WebSite","@id":"https:\/\/www.viaferrata-alpes.com\/en\/#website","url":"https:\/\/www.viaferrata-alpes.com\/en\/","name":"Viaferrata Alpes","description":"","publisher":{"@id":"https:\/\/www.viaferrata-alpes.com\/en\/#organization"},"potentialAction":[{"@type":"SearchAction","target":{"@type":"EntryPoint","urlTemplate":"https:\/\/www.viaferrata-alpes.com\/en\/?s={search_term_string}"},"query-input":{"@type":"PropertyValueSpecification","valueRequired":true,"valueName":"search_term_string"}}],"inLanguage":"en-US"},{"@type":"Organization","@id":"https:\/\/www.viaferrata-alpes.com\/en\/#organization","name":"Viaferrata Alpes","url":"https:\/\/www.viaferrata-alpes.com\/en\/","logo":{"@type":"ImageObject","inLanguage":"en-US","@id":"https:\/\/www.viaferrata-alpes.com\/en\/#\/schema\/logo\/image\/","url":"https:\/\/www.viaferrata-alpes.com\/wp-content\/uploads\/2025\/06\/viaferrata-vertical-1.svg","contentUrl":"https:\/\/www.viaferrata-alpes.com\/wp-content\/uploads\/2025\/06\/viaferrata-vertical-1.svg","caption":"Viaferrata Alpes"},"image":{"@id":"https:\/\/www.viaferrata-alpes.com\/en\/#\/schema\/logo\/image\/"}}]}},"_links":{"self":[{"href":"https:\/\/www.viaferrata-alpes.com\/en\/wp-json\/wp\/v2\/pages\/508","targetHints":{"allow":["GET"]}}],"collection":[{"href":"https:\/\/www.viaferrata-alpes.com\/en\/wp-json\/wp\/v2\/pages"}],"about":[{"href":"https:\/\/www.viaferrata-alpes.com\/en\/wp-json\/wp\/v2\/types\/page"}],"author":[{"embeddable":true,"href":"https:\/\/www.viaferrata-alpes.com\/en\/wp-json\/wp\/v2\/users\/1"}],"replies":[{"embeddable":true,"href":"https:\/\/www.viaferrata-alpes.com\/en\/wp-json\/wp\/v2\/comments?post=508"}],"version-history":[{"count":0,"href":"https:\/\/www.viaferrata-alpes.com\/en\/wp-json\/wp\/v2\/pages\/508\/revisions"}],"wp:attachment":[{"href":"https:\/\/www.viaferrata-alpes.com\/en\/wp-json\/wp\/v2\/media?parent=508"}],"curies":[{"name":"wp","href":"https:\/\/api.w.org\/{rel}","templated":true}]}}